{"id":622,"date":"2024-03-03T17:22:13","date_gmt":"2024-03-03T16:22:13","guid":{"rendered":"https:\/\/ii.pk.edu.pl\/~fkruzel\/?page_id=622"},"modified":"2026-03-02T17:45:30","modified_gmt":"2026-03-02T16:45:30","slug":"cpp_erasmus","status":"publish","type":"page","link":"https:\/\/ii.pk.edu.pl\/~fkruzel\/cpp_erasmus\/","title":{"rendered":"C++ Programming"},"content":{"rendered":"\n<div class=\"wp-block-columns\">\n<div class=\"wp-block-column\" style=\"flex-basis:66.66%\">\n<p class=\"has-base-3-color has-text-color\">Erasmus<\/p>\n\n\n\n<p>          <\/p>\n\n\n\n<p><\/p>\n\n\n\n<h2 class=\"has-base-3-color has-text-color\">C++ Programming<\/h2>\n\n\n\n<div style=\"height:30px\" aria-hidden=\"true\" class=\"wp-block-spacer\"><\/div>\n\n\n\n<p><\/p>\n<\/div>\n\n\n\n<div class=\"wp-block-column\" style=\"flex-basis:33.33%\">\n<div style=\"height:10px\" aria-hidden=\"true\" class=\"wp-block-spacer\"><\/div>\n\n\n\n<div class=\"wp-block-image\"><figure class=\"aligncenter size-large is-resized\"><img loading=\"lazy\" src=\"https:\/\/ii.pk.edu.pl\/~fkruzel\/wp-content\/uploads\/2022\/03\/HPC-ERASMUS.png\" alt=\"\" class=\"wp-image-290\" width=\"85\" height=\"85\" srcset=\"https:\/\/ii.pk.edu.pl\/~fkruzel\/wp-content\/uploads\/2022\/03\/HPC-ERASMUS.png 450w, https:\/\/ii.pk.edu.pl\/~fkruzel\/wp-content\/uploads\/2022\/03\/HPC-ERASMUS-300x300.png 300w, https:\/\/ii.pk.edu.pl\/~fkruzel\/wp-content\/uploads\/2022\/03\/HPC-ERASMUS-150x150.png 150w\" sizes=\"(max-width: 85px) 100vw, 85px\" \/><\/figure><\/div>\n<\/div>\n<\/div>\n\n\n\n<p class=\"has-text-color\" style=\"color:#ffcc25\"><strong>Classes are held in a hybrid form &#8211; stationary and online depending on the plan<\/strong><\/p>\n\n\n\n<p class=\"has-base-2-color has-text-color\">Teams group code:\u00a0<strong>btcimsd<\/strong><\/p>\n\n\n\n<p class=\"has-base-2-color has-text-color\">Delta course: <a href=\"https:\/\/delta.pk.edu.pl\/course\/view.php?id=1705\" target=\"_blank\" rel=\"noreferrer noopener\">https:\/\/delta.pk.edu.pl\/course\/view.php?id=1705<\/a><\/p>\n\n\n\n<p class=\"has-base-2-color has-text-color\">Password:\u00a0<strong>C++2026<\/strong><\/p>\n\n\n\n<div style=\"height:70px\" aria-hidden=\"true\" class=\"wp-block-spacer\"><\/div>\n","protected":false},"excerpt":{"rendered":"<p>Erasmus C++ Programming Classes are held in a hybrid form &#8211; stationary and online depending on the plan Teams group code:\u00a0btcimsd Delta course: https:\/\/delta.pk.edu.pl\/course\/view.php?id=1705 Password:\u00a0C++2026<\/p>\n","protected":false},"author":1,"featured_media":0,"parent":0,"menu_order":0,"comment_status":"closed","ping_status":"closed","template":"","meta":[],"yoast_head":"<!-- This site is optimized with the Yoast SEO plugin v18.3 - https:\/\/yoast.com\/wordpress\/plugins\/seo\/ -->\n<title>C++ Programming - dr in\u017c. Filip Kru\u017cel<\/title>\n<meta name=\"robots\" content=\"index, follow, max-snippet:-1, max-image-preview:large, max-video-preview:-1\" \/>\n<link rel=\"canonical\" href=\"https:\/\/ii.pk.edu.pl\/~fkruzel\/cpp_erasmus\/\" \/>\n<meta property=\"og:locale\" content=\"pl_PL\" \/>\n<meta property=\"og:type\" content=\"article\" \/>\n<meta property=\"og:title\" content=\"C++ Programming - dr in\u017c. Filip Kru\u017cel\" \/>\n<meta property=\"og:description\" content=\"Erasmus C++ Programming Classes are held in a hybrid form &#8211; stationary and online depending on the plan Teams group code:\u00a0btcimsd Delta course: https:\/\/delta.pk.edu.pl\/course\/view.php?id=1705 Password:\u00a0C++2026\" \/>\n<meta property=\"og:url\" content=\"https:\/\/ii.pk.edu.pl\/~fkruzel\/cpp_erasmus\/\" \/>\n<meta property=\"og:site_name\" content=\"dr in\u017c. Filip Kru\u017cel\" \/>\n<meta property=\"article:modified_time\" content=\"2026-03-02T16:45:30+00:00\" \/>\n<meta property=\"og:image\" content=\"https:\/\/ii.pk.edu.pl\/~fkruzel\/wp-content\/uploads\/2022\/03\/HPC-ERASMUS.png\" \/>\n<meta name=\"twitter:card\" content=\"summary_large_image\" \/>\n<meta name=\"twitter:label1\" content=\"Szacowany czas czytania\" \/>\n\t<meta name=\"twitter:data1\" content=\"1 minuta\" \/>\n<script type=\"application\/ld+json\" class=\"yoast-schema-graph\">{\"@context\":\"https:\/\/schema.org\",\"@graph\":[{\"@type\":\"WebSite\",\"@id\":\"https:\/\/ii.pk.edu.pl\/~fkruzel\/#website\",\"url\":\"https:\/\/ii.pk.edu.pl\/~fkruzel\/\",\"name\":\"dr in\u017c. Filip Kru\u017cel\",\"description\":\"Strona dr in\u017c. Filipa Kru\u017cela\",\"potentialAction\":[{\"@type\":\"SearchAction\",\"target\":{\"@type\":\"EntryPoint\",\"urlTemplate\":\"https:\/\/ii.pk.edu.pl\/~fkruzel\/?s={search_term_string}\"},\"query-input\":\"required name=search_term_string\"}],\"inLanguage\":\"pl-PL\"},{\"@type\":\"ImageObject\",\"@id\":\"https:\/\/ii.pk.edu.pl\/~fkruzel\/cpp_erasmus\/#primaryimage\",\"inLanguage\":\"pl-PL\",\"url\":\"https:\/\/ii.pk.edu.pl\/~fkruzel\/wp-content\/uploads\/2022\/03\/HPC-ERASMUS.png\",\"contentUrl\":\"https:\/\/ii.pk.edu.pl\/~fkruzel\/wp-content\/uploads\/2022\/03\/HPC-ERASMUS.png\",\"width\":450,\"height\":450},{\"@type\":\"WebPage\",\"@id\":\"https:\/\/ii.pk.edu.pl\/~fkruzel\/cpp_erasmus\/#webpage\",\"url\":\"https:\/\/ii.pk.edu.pl\/~fkruzel\/cpp_erasmus\/\",\"name\":\"C++ Programming - dr in\u017c. Filip Kru\u017cel\",\"isPartOf\":{\"@id\":\"https:\/\/ii.pk.edu.pl\/~fkruzel\/#website\"},\"primaryImageOfPage\":{\"@id\":\"https:\/\/ii.pk.edu.pl\/~fkruzel\/cpp_erasmus\/#primaryimage\"},\"datePublished\":\"2024-03-03T16:22:13+00:00\",\"dateModified\":\"2026-03-02T16:45:30+00:00\",\"breadcrumb\":{\"@id\":\"https:\/\/ii.pk.edu.pl\/~fkruzel\/cpp_erasmus\/#breadcrumb\"},\"inLanguage\":\"pl-PL\",\"potentialAction\":[{\"@type\":\"ReadAction\",\"target\":[\"https:\/\/ii.pk.edu.pl\/~fkruzel\/cpp_erasmus\/\"]}]},{\"@type\":\"BreadcrumbList\",\"@id\":\"https:\/\/ii.pk.edu.pl\/~fkruzel\/cpp_erasmus\/#breadcrumb\",\"itemListElement\":[{\"@type\":\"ListItem\",\"position\":1,\"name\":\"Strona g\u0142\u00f3wna\",\"item\":\"https:\/\/ii.pk.edu.pl\/~fkruzel\/\"},{\"@type\":\"ListItem\",\"position\":2,\"name\":\"C++ Programming\"}]}]}<\/script>\n<!-- \/ Yoast SEO plugin. -->","yoast_head_json":{"title":"C++ Programming - dr in\u017c. Filip Kru\u017cel","robots":{"index":"index","follow":"follow","max-snippet":"max-snippet:-1","max-image-preview":"max-image-preview:large","max-video-preview":"max-video-preview:-1"},"canonical":"https:\/\/ii.pk.edu.pl\/~fkruzel\/cpp_erasmus\/","og_locale":"pl_PL","og_type":"article","og_title":"C++ Programming - dr in\u017c. Filip Kru\u017cel","og_description":"Erasmus C++ Programming Classes are held in a hybrid form &#8211; stationary and online depending on the plan Teams group code:\u00a0btcimsd Delta course: https:\/\/delta.pk.edu.pl\/course\/view.php?id=1705 Password:\u00a0C++2026","og_url":"https:\/\/ii.pk.edu.pl\/~fkruzel\/cpp_erasmus\/","og_site_name":"dr in\u017c. Filip Kru\u017cel","article_modified_time":"2026-03-02T16:45:30+00:00","og_image":[{"url":"https:\/\/ii.pk.edu.pl\/~fkruzel\/wp-content\/uploads\/2022\/03\/HPC-ERASMUS.png"}],"twitter_card":"summary_large_image","twitter_misc":{"Szacowany czas czytania":"1 minuta"},"schema":{"@context":"https:\/\/schema.org","@graph":[{"@type":"WebSite","@id":"https:\/\/ii.pk.edu.pl\/~fkruzel\/#website","url":"https:\/\/ii.pk.edu.pl\/~fkruzel\/","name":"dr in\u017c. Filip Kru\u017cel","description":"Strona dr in\u017c. Filipa Kru\u017cela","potentialAction":[{"@type":"SearchAction","target":{"@type":"EntryPoint","urlTemplate":"https:\/\/ii.pk.edu.pl\/~fkruzel\/?s={search_term_string}"},"query-input":"required name=search_term_string"}],"inLanguage":"pl-PL"},{"@type":"ImageObject","@id":"https:\/\/ii.pk.edu.pl\/~fkruzel\/cpp_erasmus\/#primaryimage","inLanguage":"pl-PL","url":"https:\/\/ii.pk.edu.pl\/~fkruzel\/wp-content\/uploads\/2022\/03\/HPC-ERASMUS.png","contentUrl":"https:\/\/ii.pk.edu.pl\/~fkruzel\/wp-content\/uploads\/2022\/03\/HPC-ERASMUS.png","width":450,"height":450},{"@type":"WebPage","@id":"https:\/\/ii.pk.edu.pl\/~fkruzel\/cpp_erasmus\/#webpage","url":"https:\/\/ii.pk.edu.pl\/~fkruzel\/cpp_erasmus\/","name":"C++ Programming - dr in\u017c. Filip Kru\u017cel","isPartOf":{"@id":"https:\/\/ii.pk.edu.pl\/~fkruzel\/#website"},"primaryImageOfPage":{"@id":"https:\/\/ii.pk.edu.pl\/~fkruzel\/cpp_erasmus\/#primaryimage"},"datePublished":"2024-03-03T16:22:13+00:00","dateModified":"2026-03-02T16:45:30+00:00","breadcrumb":{"@id":"https:\/\/ii.pk.edu.pl\/~fkruzel\/cpp_erasmus\/#breadcrumb"},"inLanguage":"pl-PL","potentialAction":[{"@type":"ReadAction","target":["https:\/\/ii.pk.edu.pl\/~fkruzel\/cpp_erasmus\/"]}]},{"@type":"BreadcrumbList","@id":"https:\/\/ii.pk.edu.pl\/~fkruzel\/cpp_erasmus\/#breadcrumb","itemListElement":[{"@type":"ListItem","position":1,"name":"Strona g\u0142\u00f3wna","item":"https:\/\/ii.pk.edu.pl\/~fkruzel\/"},{"@type":"ListItem","position":2,"name":"C++ Programming"}]}]}},"_links":{"self":[{"href":"https:\/\/ii.pk.edu.pl\/~fkruzel\/wp-json\/wp\/v2\/pages\/622"}],"collection":[{"href":"https:\/\/ii.pk.edu.pl\/~fkruzel\/wp-json\/wp\/v2\/pages"}],"about":[{"href":"https:\/\/ii.pk.edu.pl\/~fkruzel\/wp-json\/wp\/v2\/types\/page"}],"author":[{"embeddable":true,"href":"https:\/\/ii.pk.edu.pl\/~fkruzel\/wp-json\/wp\/v2\/users\/1"}],"replies":[{"embeddable":true,"href":"https:\/\/ii.pk.edu.pl\/~fkruzel\/wp-json\/wp\/v2\/comments?post=622"}],"version-history":[{"count":10,"href":"https:\/\/ii.pk.edu.pl\/~fkruzel\/wp-json\/wp\/v2\/pages\/622\/revisions"}],"predecessor-version":[{"id":703,"href":"https:\/\/ii.pk.edu.pl\/~fkruzel\/wp-json\/wp\/v2\/pages\/622\/revisions\/703"}],"wp:attachment":[{"href":"https:\/\/ii.pk.edu.pl\/~fkruzel\/wp-json\/wp\/v2\/media?parent=622"}],"curies":[{"name":"wp","href":"https:\/\/api.w.org\/{rel}","templated":true}]}}