{"id":39,"date":"2021-10-08T19:05:11","date_gmt":"2021-10-08T17:05:11","guid":{"rendered":"https:\/\/ii.pk.edu.pl\/~fkruzel\/?page_id=39"},"modified":"2026-03-09T20:22:59","modified_gmt":"2026-03-09T19:22:59","slug":"filip-kruze","status":"publish","type":"page","link":"https:\/\/ii.pk.edu.pl\/~fkruzel\/","title":{"rendered":"01.Strona g\u0142\u00f3wna"},"content":{"rendered":"\n<div style=\"height:120px\" aria-hidden=\"true\" class=\"wp-block-spacer\"><\/div>\n\n\n\n<div class=\"wp-block-columns\">\n<div class=\"wp-block-column\">\n<div class=\"wp-block-columns\">\n<div class=\"wp-block-column\">\n<div class=\"wp-block-image\"><figure class=\"aligncenter size-large is-resized\"><img loading=\"lazy\" src=\"https:\/\/ii.pk.edu.pl\/~fkruzel\/wp-content\/uploads\/2022\/03\/O-mnie.png\" alt=\"\" class=\"wp-image-166\" width=\"50\" height=\"50\" srcset=\"https:\/\/ii.pk.edu.pl\/~fkruzel\/wp-content\/uploads\/2022\/03\/O-mnie.png 450w, https:\/\/ii.pk.edu.pl\/~fkruzel\/wp-content\/uploads\/2022\/03\/O-mnie-300x300.png 300w, https:\/\/ii.pk.edu.pl\/~fkruzel\/wp-content\/uploads\/2022\/03\/O-mnie-150x150.png 150w\" sizes=\"(max-width: 50px) 100vw, 50px\" \/><\/figure><\/div>\n\n\n\n<div style=\"height:15px\" aria-hidden=\"true\" class=\"wp-block-spacer\"><\/div>\n\n\n\n<h2 class=\"has-text-align-center has-base-3-color has-text-color\" style=\"font-size:30px\">O mnie<\/h2>\n\n\n\n<div style=\"height:5px\" aria-hidden=\"true\" class=\"wp-block-spacer\"><\/div>\n\n\n\n<p class=\"has-text-align-center\"><span class=\"has-inline-color has-base-2-color\">Nazywam si\u0119 <\/span><span style=\"color:#cf7d08\" class=\"has-inline-color\">Filip Kru\u017cel<\/span><span class=\"has-inline-color has-base-2-color\">.  <\/span><\/p>\n\n\n\n<p class=\"has-text-align-center\"><span class=\"has-inline-color has-base-2-color\">Jestem adiunktem naukowo-badawczym Katedry Informatyki Politechniki Krakowskiej. <\/span><\/p>\n\n\n\n<p class=\"has-text-align-center\"><span class=\"has-inline-color has-base-2-color\">Zajmuj\u0119 si\u0119 zagadnieniami oblicze\u0144 wysokiej wydajno\u015bci.<\/span><\/p>\n<\/div>\n\n\n\n<div class=\"wp-block-column\">\n<div class=\"wp-block-image\"><figure class=\"aligncenter size-large is-resized\"><img loading=\"lazy\" src=\"https:\/\/ii.pk.edu.pl\/~fkruzel\/wp-content\/uploads\/2022\/03\/Konsultacje.png\" alt=\"\" class=\"wp-image-170\" width=\"50\" height=\"50\" srcset=\"https:\/\/ii.pk.edu.pl\/~fkruzel\/wp-content\/uploads\/2022\/03\/Konsultacje.png 450w, https:\/\/ii.pk.edu.pl\/~fkruzel\/wp-content\/uploads\/2022\/03\/Konsultacje-300x300.png 300w, https:\/\/ii.pk.edu.pl\/~fkruzel\/wp-content\/uploads\/2022\/03\/Konsultacje-150x150.png 150w\" sizes=\"(max-width: 50px) 100vw, 50px\" \/><\/figure><\/div>\n\n\n\n<div style=\"height:15px\" aria-hidden=\"true\" class=\"wp-block-spacer\"><\/div>\n\n\n\n<h2 class=\"has-text-align-center has-base-3-color has-text-color\" style=\"font-size:30px\">Konsultacje<\/h2>\n\n\n\n<div style=\"height:5px\" aria-hidden=\"true\" class=\"wp-block-spacer\"><\/div>\n\n\n\n<p class=\"has-text-align-center has-base-2-color has-text-color\">W semestrze letnim<\/p>\n\n\n\n<p class=\"has-text-align-center has-base-color has-text-color\">(po wcze\u015bniejszym um\u00f3wieniu)<br><br><span style=\"color:#cf7d08\" class=\"has-inline-color\">Wtorek<\/span>   <br>9:00 do 10:00, <br><br><span style=\"color:#cf7d08\" class=\"has-inline-color\">Czwartek (zdalnie)<\/span>  <br> 12:00 &#8211; 13:00.<\/p>\n<\/div>\n\n\n\n<div class=\"wp-block-column\">\n<div style=\"height:5px\" aria-hidden=\"true\" class=\"wp-block-spacer\"><\/div>\n\n\n\n<div class=\"wp-block-image\"><figure class=\"aligncenter size-large is-resized\"><img loading=\"lazy\" src=\"https:\/\/ii.pk.edu.pl\/~fkruzel\/wp-content\/uploads\/2022\/03\/Kontakt.png\" alt=\"\" class=\"wp-image-172\" width=\"45\" height=\"45\" srcset=\"https:\/\/ii.pk.edu.pl\/~fkruzel\/wp-content\/uploads\/2022\/03\/Kontakt.png 450w, https:\/\/ii.pk.edu.pl\/~fkruzel\/wp-content\/uploads\/2022\/03\/Kontakt-300x300.png 300w, https:\/\/ii.pk.edu.pl\/~fkruzel\/wp-content\/uploads\/2022\/03\/Kontakt-150x150.png 150w\" sizes=\"(max-width: 45px) 100vw, 45px\" \/><\/figure><\/div>\n\n\n\n<div style=\"height:13px\" aria-hidden=\"true\" class=\"wp-block-spacer\"><\/div>\n\n\n\n<h2 class=\"has-text-align-center has-base-2-color has-text-color\" style=\"font-size:30px\">Kontakt<\/h2>\n\n\n\n<div style=\"height:5px\" aria-hidden=\"true\" class=\"wp-block-spacer\"><\/div>\n\n\n\n<p class=\"has-text-align-center has-base-2-color has-text-color\">Email:<br><span style=\"color:#cf7d08\" class=\"has-inline-color\">filip.kruzel@pk.edu.pl<\/span><br> <br>Politechnika Krakowska<br>Katedra Informatyki<br> pok\u00f3j 149<\/p>\n<\/div>\n<\/div>\n\n\n\n<div style=\"height:50px\" aria-hidden=\"true\" class=\"wp-block-spacer\"><\/div>\n\n\n\n<p><\/p>\n<\/div>\n<\/div>\n\n\n\n<p><\/p>\n","protected":false},"excerpt":{"rendered":"","protected":false},"author":1,"featured_media":0,"parent":0,"menu_order":0,"comment_status":"closed","ping_status":"closed","template":"","meta":[],"yoast_head":"<!-- This site is optimized with the Yoast SEO plugin v18.3 - https:\/\/yoast.com\/wordpress\/plugins\/seo\/ -->\n<title>dr in\u017c. Filip Kru\u017cel - Politechnika Krakowska - Katedra Informatyki<\/title>\n<meta name=\"description\" content=\"Jestem adiunktem naukowo-badawczym na Politechnice Krakowskiej i zajmuj\u0119 si\u0119 zagadnieniami oblicze\u0144 wysokiej wydajno\u015bci.\" \/>\n<meta name=\"robots\" content=\"index, follow, max-snippet:-1, max-image-preview:large, max-video-preview:-1\" \/>\n<link rel=\"canonical\" href=\"https:\/\/ii.pk.edu.pl\/~fkruzel\/\" \/>\n<meta property=\"og:locale\" content=\"pl_PL\" \/>\n<meta property=\"og:type\" content=\"article\" \/>\n<meta property=\"og:title\" content=\"dr in\u017c. Filip Kru\u017cel - Politechnika Krakowska - Katedra Informatyki\" \/>\n<meta property=\"og:description\" content=\"Jestem adiunktem naukowo-badawczym na Politechnice Krakowskiej i zajmuj\u0119 si\u0119 zagadnieniami oblicze\u0144 wysokiej wydajno\u015bci.\" \/>\n<meta property=\"og:url\" content=\"https:\/\/ii.pk.edu.pl\/~fkruzel\/\" \/>\n<meta property=\"og:site_name\" content=\"dr in\u017c. Filip Kru\u017cel\" \/>\n<meta property=\"article:modified_time\" content=\"2026-03-09T19:22:59+00:00\" \/>\n<meta property=\"og:image\" content=\"https:\/\/ii.pk.edu.pl\/~fkruzel\/wp-content\/uploads\/2022\/03\/O-mnie.png\" \/>\n<meta name=\"twitter:card\" content=\"summary_large_image\" \/>\n<meta name=\"twitter:label1\" content=\"Szacowany czas czytania\" \/>\n\t<meta name=\"twitter:data1\" content=\"1 minuta\" \/>\n<script type=\"application\/ld+json\" class=\"yoast-schema-graph\">{\"@context\":\"https:\/\/schema.org\",\"@graph\":[{\"@type\":\"WebSite\",\"@id\":\"https:\/\/ii.pk.edu.pl\/~fkruzel\/#website\",\"url\":\"https:\/\/ii.pk.edu.pl\/~fkruzel\/\",\"name\":\"dr in\u017c. Filip Kru\u017cel\",\"description\":\"Strona dr in\u017c. Filipa Kru\u017cela\",\"potentialAction\":[{\"@type\":\"SearchAction\",\"target\":{\"@type\":\"EntryPoint\",\"urlTemplate\":\"https:\/\/ii.pk.edu.pl\/~fkruzel\/?s={search_term_string}\"},\"query-input\":\"required name=search_term_string\"}],\"inLanguage\":\"pl-PL\"},{\"@type\":\"ImageObject\",\"@id\":\"https:\/\/ii.pk.edu.pl\/~fkruzel\/#primaryimage\",\"inLanguage\":\"pl-PL\",\"url\":\"https:\/\/ii.pk.edu.pl\/~fkruzel\/wp-content\/uploads\/2022\/03\/O-mnie.png\",\"contentUrl\":\"https:\/\/ii.pk.edu.pl\/~fkruzel\/wp-content\/uploads\/2022\/03\/O-mnie.png\",\"width\":450,\"height\":450},{\"@type\":\"WebPage\",\"@id\":\"https:\/\/ii.pk.edu.pl\/~fkruzel\/#webpage\",\"url\":\"https:\/\/ii.pk.edu.pl\/~fkruzel\/\",\"name\":\"dr in\u017c. Filip Kru\u017cel - Politechnika Krakowska - Katedra Informatyki\",\"isPartOf\":{\"@id\":\"https:\/\/ii.pk.edu.pl\/~fkruzel\/#website\"},\"primaryImageOfPage\":{\"@id\":\"https:\/\/ii.pk.edu.pl\/~fkruzel\/#primaryimage\"},\"datePublished\":\"2021-10-08T17:05:11+00:00\",\"dateModified\":\"2026-03-09T19:22:59+00:00\",\"description\":\"Jestem adiunktem naukowo-badawczym na Politechnice Krakowskiej i zajmuj\u0119 si\u0119 zagadnieniami oblicze\u0144 wysokiej wydajno\u015bci.\",\"breadcrumb\":{\"@id\":\"https:\/\/ii.pk.edu.pl\/~fkruzel\/#breadcrumb\"},\"inLanguage\":\"pl-PL\",\"potentialAction\":[{\"@type\":\"ReadAction\",\"target\":[\"https:\/\/ii.pk.edu.pl\/~fkruzel\/\"]}]},{\"@type\":\"BreadcrumbList\",\"@id\":\"https:\/\/ii.pk.edu.pl\/~fkruzel\/#breadcrumb\",\"itemListElement\":[{\"@type\":\"ListItem\",\"position\":1,\"name\":\"Strona g\u0142\u00f3wna\",\"item\":\"https:\/\/ii.pk.edu.pl\/~fkruzel\/\"},{\"@type\":\"ListItem\",\"position\":2,\"name\":\"01.Strona g\u0142\u00f3wna\"}]}]}<\/script>\n<!-- \/ Yoast SEO plugin. -->","yoast_head_json":{"title":"dr in\u017c. Filip Kru\u017cel - Politechnika Krakowska - Katedra Informatyki","description":"Jestem adiunktem naukowo-badawczym na Politechnice Krakowskiej i zajmuj\u0119 si\u0119 zagadnieniami oblicze\u0144 wysokiej wydajno\u015bci.","robots":{"index":"index","follow":"follow","max-snippet":"max-snippet:-1","max-image-preview":"max-image-preview:large","max-video-preview":"max-video-preview:-1"},"canonical":"https:\/\/ii.pk.edu.pl\/~fkruzel\/","og_locale":"pl_PL","og_type":"article","og_title":"dr in\u017c. Filip Kru\u017cel - Politechnika Krakowska - Katedra Informatyki","og_description":"Jestem adiunktem naukowo-badawczym na Politechnice Krakowskiej i zajmuj\u0119 si\u0119 zagadnieniami oblicze\u0144 wysokiej wydajno\u015bci.","og_url":"https:\/\/ii.pk.edu.pl\/~fkruzel\/","og_site_name":"dr in\u017c. Filip Kru\u017cel","article_modified_time":"2026-03-09T19:22:59+00:00","og_image":[{"url":"https:\/\/ii.pk.edu.pl\/~fkruzel\/wp-content\/uploads\/2022\/03\/O-mnie.png"}],"twitter_card":"summary_large_image","twitter_misc":{"Szacowany czas czytania":"1 minuta"},"schema":{"@context":"https:\/\/schema.org","@graph":[{"@type":"WebSite","@id":"https:\/\/ii.pk.edu.pl\/~fkruzel\/#website","url":"https:\/\/ii.pk.edu.pl\/~fkruzel\/","name":"dr in\u017c. Filip Kru\u017cel","description":"Strona dr in\u017c. Filipa Kru\u017cela","potentialAction":[{"@type":"SearchAction","target":{"@type":"EntryPoint","urlTemplate":"https:\/\/ii.pk.edu.pl\/~fkruzel\/?s={search_term_string}"},"query-input":"required name=search_term_string"}],"inLanguage":"pl-PL"},{"@type":"ImageObject","@id":"https:\/\/ii.pk.edu.pl\/~fkruzel\/#primaryimage","inLanguage":"pl-PL","url":"https:\/\/ii.pk.edu.pl\/~fkruzel\/wp-content\/uploads\/2022\/03\/O-mnie.png","contentUrl":"https:\/\/ii.pk.edu.pl\/~fkruzel\/wp-content\/uploads\/2022\/03\/O-mnie.png","width":450,"height":450},{"@type":"WebPage","@id":"https:\/\/ii.pk.edu.pl\/~fkruzel\/#webpage","url":"https:\/\/ii.pk.edu.pl\/~fkruzel\/","name":"dr in\u017c. Filip Kru\u017cel - Politechnika Krakowska - Katedra Informatyki","isPartOf":{"@id":"https:\/\/ii.pk.edu.pl\/~fkruzel\/#website"},"primaryImageOfPage":{"@id":"https:\/\/ii.pk.edu.pl\/~fkruzel\/#primaryimage"},"datePublished":"2021-10-08T17:05:11+00:00","dateModified":"2026-03-09T19:22:59+00:00","description":"Jestem adiunktem naukowo-badawczym na Politechnice Krakowskiej i zajmuj\u0119 si\u0119 zagadnieniami oblicze\u0144 wysokiej wydajno\u015bci.","breadcrumb":{"@id":"https:\/\/ii.pk.edu.pl\/~fkruzel\/#breadcrumb"},"inLanguage":"pl-PL","potentialAction":[{"@type":"ReadAction","target":["https:\/\/ii.pk.edu.pl\/~fkruzel\/"]}]},{"@type":"BreadcrumbList","@id":"https:\/\/ii.pk.edu.pl\/~fkruzel\/#breadcrumb","itemListElement":[{"@type":"ListItem","position":1,"name":"Strona g\u0142\u00f3wna","item":"https:\/\/ii.pk.edu.pl\/~fkruzel\/"},{"@type":"ListItem","position":2,"name":"01.Strona g\u0142\u00f3wna"}]}]}},"_links":{"self":[{"href":"https:\/\/ii.pk.edu.pl\/~fkruzel\/wp-json\/wp\/v2\/pages\/39"}],"collection":[{"href":"https:\/\/ii.pk.edu.pl\/~fkruzel\/wp-json\/wp\/v2\/pages"}],"about":[{"href":"https:\/\/ii.pk.edu.pl\/~fkruzel\/wp-json\/wp\/v2\/types\/page"}],"author":[{"embeddable":true,"href":"https:\/\/ii.pk.edu.pl\/~fkruzel\/wp-json\/wp\/v2\/users\/1"}],"replies":[{"embeddable":true,"href":"https:\/\/ii.pk.edu.pl\/~fkruzel\/wp-json\/wp\/v2\/comments?post=39"}],"version-history":[{"count":127,"href":"https:\/\/ii.pk.edu.pl\/~fkruzel\/wp-json\/wp\/v2\/pages\/39\/revisions"}],"predecessor-version":[{"id":710,"href":"https:\/\/ii.pk.edu.pl\/~fkruzel\/wp-json\/wp\/v2\/pages\/39\/revisions\/710"}],"wp:attachment":[{"href":"https:\/\/ii.pk.edu.pl\/~fkruzel\/wp-json\/wp\/v2\/media?parent=39"}],"curies":[{"name":"wp","href":"https:\/\/api.w.org\/{rel}","templated":true}]}}