{"id":200,"date":"2022-03-04T14:53:09","date_gmt":"2022-03-04T13:53:09","guid":{"rendered":"https:\/\/ii.pk.edu.pl\/~fkruzel\/?page_id=200"},"modified":"2026-03-02T18:18:32","modified_gmt":"2026-03-02T17:18:32","slug":"przetwarzanie-rownolegle-i-rozproszone-niestacjonarne","status":"publish","type":"page","link":"https:\/\/ii.pk.edu.pl\/~fkruzel\/przetwarzanie-rownolegle-i-rozproszone-niestacjonarne\/","title":{"rendered":"06. NIESTACJONARNE &#8211; Przetwarzanie r\u00f3wnoleg\u0142e i rozproszone"},"content":{"rendered":"\n<div style=\"height:55px\" aria-hidden=\"true\" class=\"wp-block-spacer\"><\/div>\n\n\n\n<div class=\"wp-block-columns\">\n<div class=\"wp-block-column\" style=\"flex-basis:66.66%\">\n<p class=\"has-base-3-color has-text-color\">Studia niestacjonarne<\/p>\n\n\n\n<h2 class=\"has-base-3-color has-text-color\">Przetwarzanie r\u00f3wnoleg\u0142e i rozproszone<\/h2>\n\n\n\n<div style=\"height:35px\" aria-hidden=\"true\" class=\"wp-block-spacer\"><\/div>\n<\/div>\n\n\n\n<div class=\"wp-block-column\" style=\"flex-basis:33.33%\">\n<div style=\"height:10px\" aria-hidden=\"true\" class=\"wp-block-spacer\"><\/div>\n\n\n\n<div class=\"wp-block-image\"><figure class=\"aligncenter size-large is-resized\"><img loading=\"lazy\" src=\"https:\/\/ii.pk.edu.pl\/~fkruzel\/wp-content\/uploads\/2022\/03\/PRIR.png\" alt=\"\" class=\"wp-image-246\" width=\"85\" height=\"85\" srcset=\"https:\/\/ii.pk.edu.pl\/~fkruzel\/wp-content\/uploads\/2022\/03\/PRIR.png 450w, https:\/\/ii.pk.edu.pl\/~fkruzel\/wp-content\/uploads\/2022\/03\/PRIR-300x300.png 300w, https:\/\/ii.pk.edu.pl\/~fkruzel\/wp-content\/uploads\/2022\/03\/PRIR-150x150.png 150w\" sizes=\"(max-width: 85px) 100vw, 85px\" \/><\/figure><\/div>\n<\/div>\n<\/div>\n\n\n\n<p class=\"has-text-color\" style=\"color:#ffcc25\"><strong>Zaj\u0119cia odbywaj\u0105 si\u0119 stacjonarnie z mo\u017cliwo\u015bci\u0105 przeprowadzenia zaj\u0119\u0107 zdalnych<\/strong><\/p>\n\n\n\n<p class=\"has-base-2-color has-text-color\">Kod dost\u0119pu do Teams:&nbsp;<strong>icj5cv3<\/strong><\/p>\n\n\n\n<p class=\"has-base-2-color has-text-color\">Kurs delta: <a href=\"https:\/\/delta.pk.edu.pl\/course\/view.php?id=1703\" target=\"_blank\" rel=\"noreferrer noopener\">https:\/\/delta.pk.edu.pl\/course\/view.php?id=1703<\/a><\/p>\n\n\n\n<p class=\"has-base-2-color has-text-color\">Has\u0142o:&nbsp;<strong>PRIR2026NS<\/strong><\/p>\n\n\n\n<p><\/p>\n\n\n\n<p class=\"has-contrast-3-color has-text-color\"><\/p>\n\n\n\n<div style=\"height:70px\" aria-hidden=\"true\" class=\"wp-block-spacer\"><\/div>\n","protected":false},"excerpt":{"rendered":"<p>Studia niestacjonarne Przetwarzanie r\u00f3wnoleg\u0142e i rozproszone Zaj\u0119cia odbywaj\u0105 si\u0119 stacjonarnie z mo\u017cliwo\u015bci\u0105 przeprowadzenia zaj\u0119\u0107 zdalnych Kod dost\u0119pu do Teams:&nbsp;icj5cv3 Kurs delta: https:\/\/delta.pk.edu.pl\/course\/view.php?id=1703 Has\u0142o:&nbsp;PRIR2026NS<\/p>\n","protected":false},"author":1,"featured_media":0,"parent":0,"menu_order":0,"comment_status":"closed","ping_status":"closed","template":"","meta":[],"yoast_head":"<!-- This site is optimized with the Yoast SEO plugin v18.3 - https:\/\/yoast.com\/wordpress\/plugins\/seo\/ -->\n<title>Przetwarzanie r\u00f3wnoleg\u0142e i rozproszone - niestacjonarne - Filip Kru\u017cel<\/title>\n<meta name=\"description\" content=\"Informacje o zaj\u0119ciach &quot;Przetwarzanie r\u00f3wnoleg\u0142e i rozproszone&quot;, prowadzonych przez dr in\u017c. Filip Kru\u017cel z Politechniki Krakowskiej.\" \/>\n<meta name=\"robots\" content=\"index, follow, max-snippet:-1, max-image-preview:large, max-video-preview:-1\" \/>\n<link rel=\"canonical\" href=\"https:\/\/ii.pk.edu.pl\/~fkruzel\/przetwarzanie-rownolegle-i-rozproszone-niestacjonarne\/\" \/>\n<meta property=\"og:locale\" content=\"pl_PL\" \/>\n<meta property=\"og:type\" content=\"article\" \/>\n<meta property=\"og:title\" content=\"Przetwarzanie r\u00f3wnoleg\u0142e i rozproszone - niestacjonarne - Filip Kru\u017cel\" \/>\n<meta property=\"og:description\" content=\"Informacje o zaj\u0119ciach &quot;Przetwarzanie r\u00f3wnoleg\u0142e i rozproszone&quot;, prowadzonych przez dr in\u017c. Filip Kru\u017cel z Politechniki Krakowskiej.\" \/>\n<meta property=\"og:url\" content=\"https:\/\/ii.pk.edu.pl\/~fkruzel\/przetwarzanie-rownolegle-i-rozproszone-niestacjonarne\/\" \/>\n<meta property=\"og:site_name\" content=\"dr in\u017c. Filip Kru\u017cel\" \/>\n<meta property=\"article:modified_time\" content=\"2026-03-02T17:18:32+00:00\" \/>\n<meta property=\"og:image\" content=\"https:\/\/ii.pk.edu.pl\/~fkruzel\/wp-content\/uploads\/2022\/03\/PRIR.png\" \/>\n<meta name=\"twitter:card\" content=\"summary_large_image\" \/>\n<meta name=\"twitter:label1\" content=\"Szacowany czas czytania\" \/>\n\t<meta name=\"twitter:data1\" content=\"1 minuta\" \/>\n<script type=\"application\/ld+json\" class=\"yoast-schema-graph\">{\"@context\":\"https:\/\/schema.org\",\"@graph\":[{\"@type\":\"WebSite\",\"@id\":\"https:\/\/ii.pk.edu.pl\/~fkruzel\/#website\",\"url\":\"https:\/\/ii.pk.edu.pl\/~fkruzel\/\",\"name\":\"dr in\u017c. Filip Kru\u017cel\",\"description\":\"Strona dr in\u017c. Filipa Kru\u017cela\",\"potentialAction\":[{\"@type\":\"SearchAction\",\"target\":{\"@type\":\"EntryPoint\",\"urlTemplate\":\"https:\/\/ii.pk.edu.pl\/~fkruzel\/?s={search_term_string}\"},\"query-input\":\"required name=search_term_string\"}],\"inLanguage\":\"pl-PL\"},{\"@type\":\"ImageObject\",\"@id\":\"https:\/\/ii.pk.edu.pl\/~fkruzel\/przetwarzanie-rownolegle-i-rozproszone-niestacjonarne\/#primaryimage\",\"inLanguage\":\"pl-PL\",\"url\":\"https:\/\/ii.pk.edu.pl\/~fkruzel\/wp-content\/uploads\/2022\/03\/PRIR.png\",\"contentUrl\":\"https:\/\/ii.pk.edu.pl\/~fkruzel\/wp-content\/uploads\/2022\/03\/PRIR.png\",\"width\":450,\"height\":450},{\"@type\":\"WebPage\",\"@id\":\"https:\/\/ii.pk.edu.pl\/~fkruzel\/przetwarzanie-rownolegle-i-rozproszone-niestacjonarne\/#webpage\",\"url\":\"https:\/\/ii.pk.edu.pl\/~fkruzel\/przetwarzanie-rownolegle-i-rozproszone-niestacjonarne\/\",\"name\":\"Przetwarzanie r\u00f3wnoleg\u0142e i rozproszone - niestacjonarne - Filip Kru\u017cel\",\"isPartOf\":{\"@id\":\"https:\/\/ii.pk.edu.pl\/~fkruzel\/#website\"},\"primaryImageOfPage\":{\"@id\":\"https:\/\/ii.pk.edu.pl\/~fkruzel\/przetwarzanie-rownolegle-i-rozproszone-niestacjonarne\/#primaryimage\"},\"datePublished\":\"2022-03-04T13:53:09+00:00\",\"dateModified\":\"2026-03-02T17:18:32+00:00\",\"description\":\"Informacje o zaj\u0119ciach \\\"Przetwarzanie r\u00f3wnoleg\u0142e i rozproszone\\\", prowadzonych przez dr in\u017c. Filip Kru\u017cel z Politechniki Krakowskiej.\",\"breadcrumb\":{\"@id\":\"https:\/\/ii.pk.edu.pl\/~fkruzel\/przetwarzanie-rownolegle-i-rozproszone-niestacjonarne\/#breadcrumb\"},\"inLanguage\":\"pl-PL\",\"potentialAction\":[{\"@type\":\"ReadAction\",\"target\":[\"https:\/\/ii.pk.edu.pl\/~fkruzel\/przetwarzanie-rownolegle-i-rozproszone-niestacjonarne\/\"]}]},{\"@type\":\"BreadcrumbList\",\"@id\":\"https:\/\/ii.pk.edu.pl\/~fkruzel\/przetwarzanie-rownolegle-i-rozproszone-niestacjonarne\/#breadcrumb\",\"itemListElement\":[{\"@type\":\"ListItem\",\"position\":1,\"name\":\"Strona g\u0142\u00f3wna\",\"item\":\"https:\/\/ii.pk.edu.pl\/~fkruzel\/\"},{\"@type\":\"ListItem\",\"position\":2,\"name\":\"06. NIESTACJONARNE &#8211; Przetwarzanie r\u00f3wnoleg\u0142e i rozproszone\"}]}]}<\/script>\n<!-- \/ Yoast SEO plugin. -->","yoast_head_json":{"title":"Przetwarzanie r\u00f3wnoleg\u0142e i rozproszone - niestacjonarne - Filip Kru\u017cel","description":"Informacje o zaj\u0119ciach \"Przetwarzanie r\u00f3wnoleg\u0142e i rozproszone\", prowadzonych przez dr in\u017c. Filip Kru\u017cel z Politechniki Krakowskiej.","robots":{"index":"index","follow":"follow","max-snippet":"max-snippet:-1","max-image-preview":"max-image-preview:large","max-video-preview":"max-video-preview:-1"},"canonical":"https:\/\/ii.pk.edu.pl\/~fkruzel\/przetwarzanie-rownolegle-i-rozproszone-niestacjonarne\/","og_locale":"pl_PL","og_type":"article","og_title":"Przetwarzanie r\u00f3wnoleg\u0142e i rozproszone - niestacjonarne - Filip Kru\u017cel","og_description":"Informacje o zaj\u0119ciach \"Przetwarzanie r\u00f3wnoleg\u0142e i rozproszone\", prowadzonych przez dr in\u017c. Filip Kru\u017cel z Politechniki Krakowskiej.","og_url":"https:\/\/ii.pk.edu.pl\/~fkruzel\/przetwarzanie-rownolegle-i-rozproszone-niestacjonarne\/","og_site_name":"dr in\u017c. Filip Kru\u017cel","article_modified_time":"2026-03-02T17:18:32+00:00","og_image":[{"url":"https:\/\/ii.pk.edu.pl\/~fkruzel\/wp-content\/uploads\/2022\/03\/PRIR.png"}],"twitter_card":"summary_large_image","twitter_misc":{"Szacowany czas czytania":"1 minuta"},"schema":{"@context":"https:\/\/schema.org","@graph":[{"@type":"WebSite","@id":"https:\/\/ii.pk.edu.pl\/~fkruzel\/#website","url":"https:\/\/ii.pk.edu.pl\/~fkruzel\/","name":"dr in\u017c. Filip Kru\u017cel","description":"Strona dr in\u017c. Filipa Kru\u017cela","potentialAction":[{"@type":"SearchAction","target":{"@type":"EntryPoint","urlTemplate":"https:\/\/ii.pk.edu.pl\/~fkruzel\/?s={search_term_string}"},"query-input":"required name=search_term_string"}],"inLanguage":"pl-PL"},{"@type":"ImageObject","@id":"https:\/\/ii.pk.edu.pl\/~fkruzel\/przetwarzanie-rownolegle-i-rozproszone-niestacjonarne\/#primaryimage","inLanguage":"pl-PL","url":"https:\/\/ii.pk.edu.pl\/~fkruzel\/wp-content\/uploads\/2022\/03\/PRIR.png","contentUrl":"https:\/\/ii.pk.edu.pl\/~fkruzel\/wp-content\/uploads\/2022\/03\/PRIR.png","width":450,"height":450},{"@type":"WebPage","@id":"https:\/\/ii.pk.edu.pl\/~fkruzel\/przetwarzanie-rownolegle-i-rozproszone-niestacjonarne\/#webpage","url":"https:\/\/ii.pk.edu.pl\/~fkruzel\/przetwarzanie-rownolegle-i-rozproszone-niestacjonarne\/","name":"Przetwarzanie r\u00f3wnoleg\u0142e i rozproszone - niestacjonarne - Filip Kru\u017cel","isPartOf":{"@id":"https:\/\/ii.pk.edu.pl\/~fkruzel\/#website"},"primaryImageOfPage":{"@id":"https:\/\/ii.pk.edu.pl\/~fkruzel\/przetwarzanie-rownolegle-i-rozproszone-niestacjonarne\/#primaryimage"},"datePublished":"2022-03-04T13:53:09+00:00","dateModified":"2026-03-02T17:18:32+00:00","description":"Informacje o zaj\u0119ciach \"Przetwarzanie r\u00f3wnoleg\u0142e i rozproszone\", prowadzonych przez dr in\u017c. Filip Kru\u017cel z Politechniki Krakowskiej.","breadcrumb":{"@id":"https:\/\/ii.pk.edu.pl\/~fkruzel\/przetwarzanie-rownolegle-i-rozproszone-niestacjonarne\/#breadcrumb"},"inLanguage":"pl-PL","potentialAction":[{"@type":"ReadAction","target":["https:\/\/ii.pk.edu.pl\/~fkruzel\/przetwarzanie-rownolegle-i-rozproszone-niestacjonarne\/"]}]},{"@type":"BreadcrumbList","@id":"https:\/\/ii.pk.edu.pl\/~fkruzel\/przetwarzanie-rownolegle-i-rozproszone-niestacjonarne\/#breadcrumb","itemListElement":[{"@type":"ListItem","position":1,"name":"Strona g\u0142\u00f3wna","item":"https:\/\/ii.pk.edu.pl\/~fkruzel\/"},{"@type":"ListItem","position":2,"name":"06. NIESTACJONARNE &#8211; Przetwarzanie r\u00f3wnoleg\u0142e i rozproszone"}]}]}},"_links":{"self":[{"href":"https:\/\/ii.pk.edu.pl\/~fkruzel\/wp-json\/wp\/v2\/pages\/200"}],"collection":[{"href":"https:\/\/ii.pk.edu.pl\/~fkruzel\/wp-json\/wp\/v2\/pages"}],"about":[{"href":"https:\/\/ii.pk.edu.pl\/~fkruzel\/wp-json\/wp\/v2\/types\/page"}],"author":[{"embeddable":true,"href":"https:\/\/ii.pk.edu.pl\/~fkruzel\/wp-json\/wp\/v2\/users\/1"}],"replies":[{"embeddable":true,"href":"https:\/\/ii.pk.edu.pl\/~fkruzel\/wp-json\/wp\/v2\/comments?post=200"}],"version-history":[{"count":25,"href":"https:\/\/ii.pk.edu.pl\/~fkruzel\/wp-json\/wp\/v2\/pages\/200\/revisions"}],"predecessor-version":[{"id":707,"href":"https:\/\/ii.pk.edu.pl\/~fkruzel\/wp-json\/wp\/v2\/pages\/200\/revisions\/707"}],"wp:attachment":[{"href":"https:\/\/ii.pk.edu.pl\/~fkruzel\/wp-json\/wp\/v2\/media?parent=200"}],"curies":[{"name":"wp","href":"https:\/\/api.w.org\/{rel}","templated":true}]}}