{"id":14,"date":"2021-10-08T18:51:25","date_gmt":"2021-10-08T16:51:25","guid":{"rendered":"https:\/\/ii.pk.edu.pl\/~fkruzel\/?page_id=14"},"modified":"2022-03-10T12:03:30","modified_gmt":"2022-03-10T11:03:30","slug":"publikacje-i-dorobek-naukowy-dr-inz-filip-kruzel","status":"publish","type":"page","link":"https:\/\/ii.pk.edu.pl\/~fkruzel\/publikacje-i-dorobek-naukowy-dr-inz-filip-kruzel\/","title":{"rendered":"10.Publikacje"},"content":{"rendered":"\n<div style=\"height:55px\" aria-hidden=\"true\" class=\"wp-block-spacer\"><\/div>\n\n\n\n<div class=\"wp-block-columns\">\n<div class=\"wp-block-column\" style=\"flex-basis:66.66%\">\n<p class=\"has-base-3-color has-text-color\">Dorobek naukowy<\/p>\n\n\n\n<h2 class=\"has-base-3-color has-text-color\">Moje publikacje<\/h2>\n\n\n\n<div style=\"height:30px\" aria-hidden=\"true\" class=\"wp-block-spacer\"><\/div>\n<\/div>\n\n\n\n<div class=\"wp-block-column\" style=\"flex-basis:33.33%\">\n<div style=\"height:10px\" aria-hidden=\"true\" class=\"wp-block-spacer\"><\/div>\n\n\n\n<div class=\"wp-block-image\"><figure class=\"aligncenter size-large is-resized\"><img loading=\"lazy\" src=\"https:\/\/ii.pk.edu.pl\/~fkruzel\/wp-content\/uploads\/2022\/03\/Publikacje.png\" alt=\"\" class=\"wp-image-342\" width=\"85\" height=\"85\" srcset=\"https:\/\/ii.pk.edu.pl\/~fkruzel\/wp-content\/uploads\/2022\/03\/Publikacje.png 450w, https:\/\/ii.pk.edu.pl\/~fkruzel\/wp-content\/uploads\/2022\/03\/Publikacje-300x300.png 300w, https:\/\/ii.pk.edu.pl\/~fkruzel\/wp-content\/uploads\/2022\/03\/Publikacje-150x150.png 150w\" sizes=\"(max-width: 85px) 100vw, 85px\" \/><\/figure><\/div>\n<\/div>\n<\/div>\n\n\n\n<p><a href=\"https:\/\/orcid.org\/0000-0002-3462-9144\">https:\/\/orcid.org\/0000-0002-3462-9144<\/a><\/p>\n\n\n\n<div style=\"height:70px\" aria-hidden=\"true\" class=\"wp-block-spacer\"><\/div>\n","protected":false},"excerpt":{"rendered":"<p>Dorobek naukowy Moje publikacje https:\/\/orcid.org\/0000-0002-3462-9144<\/p>\n","protected":false},"author":1,"featured_media":0,"parent":0,"menu_order":0,"comment_status":"closed","ping_status":"closed","template":"","meta":[],"yoast_head":"<!-- This site is optimized with the Yoast SEO plugin v18.3 - https:\/\/yoast.com\/wordpress\/plugins\/seo\/ -->\n<title>Publikacje - dr in\u017c. Filip Kru\u017cel - Politechnika Krakowska<\/title>\n<meta name=\"description\" content=\"Publikacje i dorobek naukowy dr in\u017c. Filipa Kru\u017cela z katedry Informatyki Politechniki Krakowskiej.\" \/>\n<meta name=\"robots\" content=\"index, follow, max-snippet:-1, max-image-preview:large, max-video-preview:-1\" \/>\n<link rel=\"canonical\" href=\"https:\/\/ii.pk.edu.pl\/~fkruzel\/publikacje-i-dorobek-naukowy-dr-inz-filip-kruzel\/\" \/>\n<meta property=\"og:locale\" content=\"pl_PL\" \/>\n<meta property=\"og:type\" content=\"article\" \/>\n<meta property=\"og:title\" content=\"Publikacje - dr in\u017c. Filip Kru\u017cel - Politechnika Krakowska\" \/>\n<meta property=\"og:description\" content=\"Publikacje i dorobek naukowy dr in\u017c. Filipa Kru\u017cela z katedry Informatyki Politechniki Krakowskiej.\" \/>\n<meta property=\"og:url\" content=\"https:\/\/ii.pk.edu.pl\/~fkruzel\/publikacje-i-dorobek-naukowy-dr-inz-filip-kruzel\/\" \/>\n<meta property=\"og:site_name\" content=\"dr in\u017c. Filip Kru\u017cel\" \/>\n<meta property=\"article:modified_time\" content=\"2022-03-10T11:03:30+00:00\" \/>\n<meta property=\"og:image\" content=\"https:\/\/ii.pk.edu.pl\/~fkruzel\/wp-content\/uploads\/2022\/03\/Publikacje.png\" \/>\n<meta name=\"twitter:card\" content=\"summary_large_image\" \/>\n<meta name=\"twitter:label1\" content=\"Szacowany czas czytania\" \/>\n\t<meta name=\"twitter:data1\" content=\"1 minuta\" \/>\n<script type=\"application\/ld+json\" class=\"yoast-schema-graph\">{\"@context\":\"https:\/\/schema.org\",\"@graph\":[{\"@type\":\"WebSite\",\"@id\":\"https:\/\/ii.pk.edu.pl\/~fkruzel\/#website\",\"url\":\"https:\/\/ii.pk.edu.pl\/~fkruzel\/\",\"name\":\"dr in\u017c. Filip Kru\u017cel\",\"description\":\"Strona dr in\u017c. Filipa Kru\u017cela\",\"potentialAction\":[{\"@type\":\"SearchAction\",\"target\":{\"@type\":\"EntryPoint\",\"urlTemplate\":\"https:\/\/ii.pk.edu.pl\/~fkruzel\/?s={search_term_string}\"},\"query-input\":\"required name=search_term_string\"}],\"inLanguage\":\"pl-PL\"},{\"@type\":\"ImageObject\",\"@id\":\"https:\/\/ii.pk.edu.pl\/~fkruzel\/publikacje-i-dorobek-naukowy-dr-inz-filip-kruzel\/#primaryimage\",\"inLanguage\":\"pl-PL\",\"url\":\"https:\/\/ii.pk.edu.pl\/~fkruzel\/wp-content\/uploads\/2022\/03\/Publikacje.png\",\"contentUrl\":\"https:\/\/ii.pk.edu.pl\/~fkruzel\/wp-content\/uploads\/2022\/03\/Publikacje.png\",\"width\":450,\"height\":450},{\"@type\":\"WebPage\",\"@id\":\"https:\/\/ii.pk.edu.pl\/~fkruzel\/publikacje-i-dorobek-naukowy-dr-inz-filip-kruzel\/#webpage\",\"url\":\"https:\/\/ii.pk.edu.pl\/~fkruzel\/publikacje-i-dorobek-naukowy-dr-inz-filip-kruzel\/\",\"name\":\"Publikacje - dr in\u017c. Filip Kru\u017cel - Politechnika Krakowska\",\"isPartOf\":{\"@id\":\"https:\/\/ii.pk.edu.pl\/~fkruzel\/#website\"},\"primaryImageOfPage\":{\"@id\":\"https:\/\/ii.pk.edu.pl\/~fkruzel\/publikacje-i-dorobek-naukowy-dr-inz-filip-kruzel\/#primaryimage\"},\"datePublished\":\"2021-10-08T16:51:25+00:00\",\"dateModified\":\"2022-03-10T11:03:30+00:00\",\"description\":\"Publikacje i dorobek naukowy dr in\u017c. Filipa Kru\u017cela z katedry Informatyki Politechniki Krakowskiej.\",\"breadcrumb\":{\"@id\":\"https:\/\/ii.pk.edu.pl\/~fkruzel\/publikacje-i-dorobek-naukowy-dr-inz-filip-kruzel\/#breadcrumb\"},\"inLanguage\":\"pl-PL\",\"potentialAction\":[{\"@type\":\"ReadAction\",\"target\":[\"https:\/\/ii.pk.edu.pl\/~fkruzel\/publikacje-i-dorobek-naukowy-dr-inz-filip-kruzel\/\"]}]},{\"@type\":\"BreadcrumbList\",\"@id\":\"https:\/\/ii.pk.edu.pl\/~fkruzel\/publikacje-i-dorobek-naukowy-dr-inz-filip-kruzel\/#breadcrumb\",\"itemListElement\":[{\"@type\":\"ListItem\",\"position\":1,\"name\":\"Strona g\u0142\u00f3wna\",\"item\":\"https:\/\/ii.pk.edu.pl\/~fkruzel\/\"},{\"@type\":\"ListItem\",\"position\":2,\"name\":\"10.Publikacje\"}]}]}<\/script>\n<!-- \/ Yoast SEO plugin. -->","yoast_head_json":{"title":"Publikacje - dr in\u017c. Filip Kru\u017cel - Politechnika Krakowska","description":"Publikacje i dorobek naukowy dr in\u017c. Filipa Kru\u017cela z katedry Informatyki Politechniki Krakowskiej.","robots":{"index":"index","follow":"follow","max-snippet":"max-snippet:-1","max-image-preview":"max-image-preview:large","max-video-preview":"max-video-preview:-1"},"canonical":"https:\/\/ii.pk.edu.pl\/~fkruzel\/publikacje-i-dorobek-naukowy-dr-inz-filip-kruzel\/","og_locale":"pl_PL","og_type":"article","og_title":"Publikacje - dr in\u017c. Filip Kru\u017cel - Politechnika Krakowska","og_description":"Publikacje i dorobek naukowy dr in\u017c. Filipa Kru\u017cela z katedry Informatyki Politechniki Krakowskiej.","og_url":"https:\/\/ii.pk.edu.pl\/~fkruzel\/publikacje-i-dorobek-naukowy-dr-inz-filip-kruzel\/","og_site_name":"dr in\u017c. Filip Kru\u017cel","article_modified_time":"2022-03-10T11:03:30+00:00","og_image":[{"url":"https:\/\/ii.pk.edu.pl\/~fkruzel\/wp-content\/uploads\/2022\/03\/Publikacje.png"}],"twitter_card":"summary_large_image","twitter_misc":{"Szacowany czas czytania":"1 minuta"},"schema":{"@context":"https:\/\/schema.org","@graph":[{"@type":"WebSite","@id":"https:\/\/ii.pk.edu.pl\/~fkruzel\/#website","url":"https:\/\/ii.pk.edu.pl\/~fkruzel\/","name":"dr in\u017c. Filip Kru\u017cel","description":"Strona dr in\u017c. Filipa Kru\u017cela","potentialAction":[{"@type":"SearchAction","target":{"@type":"EntryPoint","urlTemplate":"https:\/\/ii.pk.edu.pl\/~fkruzel\/?s={search_term_string}"},"query-input":"required name=search_term_string"}],"inLanguage":"pl-PL"},{"@type":"ImageObject","@id":"https:\/\/ii.pk.edu.pl\/~fkruzel\/publikacje-i-dorobek-naukowy-dr-inz-filip-kruzel\/#primaryimage","inLanguage":"pl-PL","url":"https:\/\/ii.pk.edu.pl\/~fkruzel\/wp-content\/uploads\/2022\/03\/Publikacje.png","contentUrl":"https:\/\/ii.pk.edu.pl\/~fkruzel\/wp-content\/uploads\/2022\/03\/Publikacje.png","width":450,"height":450},{"@type":"WebPage","@id":"https:\/\/ii.pk.edu.pl\/~fkruzel\/publikacje-i-dorobek-naukowy-dr-inz-filip-kruzel\/#webpage","url":"https:\/\/ii.pk.edu.pl\/~fkruzel\/publikacje-i-dorobek-naukowy-dr-inz-filip-kruzel\/","name":"Publikacje - dr in\u017c. Filip Kru\u017cel - Politechnika Krakowska","isPartOf":{"@id":"https:\/\/ii.pk.edu.pl\/~fkruzel\/#website"},"primaryImageOfPage":{"@id":"https:\/\/ii.pk.edu.pl\/~fkruzel\/publikacje-i-dorobek-naukowy-dr-inz-filip-kruzel\/#primaryimage"},"datePublished":"2021-10-08T16:51:25+00:00","dateModified":"2022-03-10T11:03:30+00:00","description":"Publikacje i dorobek naukowy dr in\u017c. Filipa Kru\u017cela z katedry Informatyki Politechniki Krakowskiej.","breadcrumb":{"@id":"https:\/\/ii.pk.edu.pl\/~fkruzel\/publikacje-i-dorobek-naukowy-dr-inz-filip-kruzel\/#breadcrumb"},"inLanguage":"pl-PL","potentialAction":[{"@type":"ReadAction","target":["https:\/\/ii.pk.edu.pl\/~fkruzel\/publikacje-i-dorobek-naukowy-dr-inz-filip-kruzel\/"]}]},{"@type":"BreadcrumbList","@id":"https:\/\/ii.pk.edu.pl\/~fkruzel\/publikacje-i-dorobek-naukowy-dr-inz-filip-kruzel\/#breadcrumb","itemListElement":[{"@type":"ListItem","position":1,"name":"Strona g\u0142\u00f3wna","item":"https:\/\/ii.pk.edu.pl\/~fkruzel\/"},{"@type":"ListItem","position":2,"name":"10.Publikacje"}]}]}},"_links":{"self":[{"href":"https:\/\/ii.pk.edu.pl\/~fkruzel\/wp-json\/wp\/v2\/pages\/14"}],"collection":[{"href":"https:\/\/ii.pk.edu.pl\/~fkruzel\/wp-json\/wp\/v2\/pages"}],"about":[{"href":"https:\/\/ii.pk.edu.pl\/~fkruzel\/wp-json\/wp\/v2\/types\/page"}],"author":[{"embeddable":true,"href":"https:\/\/ii.pk.edu.pl\/~fkruzel\/wp-json\/wp\/v2\/users\/1"}],"replies":[{"embeddable":true,"href":"https:\/\/ii.pk.edu.pl\/~fkruzel\/wp-json\/wp\/v2\/comments?post=14"}],"version-history":[{"count":16,"href":"https:\/\/ii.pk.edu.pl\/~fkruzel\/wp-json\/wp\/v2\/pages\/14\/revisions"}],"predecessor-version":[{"id":509,"href":"https:\/\/ii.pk.edu.pl\/~fkruzel\/wp-json\/wp\/v2\/pages\/14\/revisions\/509"}],"wp:attachment":[{"href":"https:\/\/ii.pk.edu.pl\/~fkruzel\/wp-json\/wp\/v2\/media?parent=14"}],"curies":[{"name":"wp","href":"https:\/\/api.w.org\/{rel}","templated":true}]}}